{"id":495,"date":"2024-08-23T05:01:26","date_gmt":"2024-08-23T03:01:26","guid":{"rendered":"https:\/\/podojenny.com\/?page_id=495"},"modified":"2025-04-05T03:31:46","modified_gmt":"2025-04-05T01:31:46","slug":"servicios","status":"publish","type":"page","link":"https:\/\/podojenny.com\/fr\/servicios\/","title":{"rendered":"Services"},"content":{"rendered":"<p><\/p>\n\n\n\n<div class=\"wp-block-uagb-container uagb-block-ls8x67c2 alignfull uagb-is-root-container\"><div class=\"uagb-container-inner-blocks-wrap\">\n<div class=\"wp-block-uagb-info-box uagb-block-njqpneym uagb-infobox__content-wrap  uagb-infobox-icon-above-title uagb-infobox-image-valign-top\"><div class=\"uagb-ifb-content\"><div class=\"uagb-ifb-title-wrap\"><h1 class=\"uagb-ifb-title\">Services<br><\/h1><\/div><\/div><\/div>\n\n\n\n<div class=\"wp-block-uagb-info-box uagb-block-d3jgszke uagb-infobox__content-wrap  uagb-infobox-icon-above-title uagb-infobox-image-valign-top\"><div class=\"uagb-ifb-content\"><div class=\"uagb-ifb-title-wrap\"><\/div><p class=\"uagb-ifb-desc\">Sur cette page de services et de tarifs en podologie, vous trouverez tout ce que vous devez savoir pour maintenir vos pieds en bonne sant\u00e9 et bien entretenus. Nous proposons une large gamme de traitements sp\u00e9cialis\u00e9s, r\u00e9alis\u00e9s par des professionnels ayant une vaste exp\u00e9rience dans le domaine de la podologie.<\/p><\/div><\/div>\n<\/div><\/div>\n\n\n\n<div class=\"wp-block-uagb-container uagb-block-5871485b alignfull uagb-is-root-container\"><div class=\"uagb-container-inner-blocks-wrap\">\n<div class=\"wp-block-uagb-info-box uagb-block-ca8237b8 uagb-infobox__content-wrap  uagb-infobox-icon-above-title uagb-infobox-image-valign-top\"><div class=\"uagb-ifb-content\"><div class=\"uagb-ifb-title-wrap\"><h2 class=\"uagb-ifb-title\">Services de podologie<\/h2><\/div><p class=\"uagb-ifb-desc\">Re\u00e7u d'assurance priv\u00e9e et de remboursement d'imp\u00f4t<br>Tous les prix incluent les taxes.<\/p><\/div><\/div>\n\n\n\n<div class=\"wp-block-uagb-container uagb-block-bbfbc915\">\n<div class=\"wp-block-uagb-container uagb-block-81a06e96\">\n<div class=\"wp-block-uagb-info-box uagb-block-9ba45fa5 uagb-infobox__content-wrap  uagb-infobox-icon-above-title uagb-infobox-image-valign-top\"><div class=\"uagb-ifb-content\"><div class=\"uagb-ifb-title-wrap\"><h3 class=\"uagb-ifb-title-prefix\">CAD$ 95<\/h3><p class=\"uagb-ifb-title\">Podologie classique<\/p><\/div><\/div><\/div>\n<\/div>\n\n\n\n<div class=\"wp-block-uagb-container uagb-block-4bf424a4\">\n<div class=\"wp-block-uagb-info-box uagb-block-59027ea1 uagb-infobox__content-wrap  uagb-infobox-icon-above-title uagb-infobox-image-valign-top\"><div class=\"uagb-ifb-content\"><div class=\"uagb-ifb-title-wrap\"><h3 class=\"uagb-ifb-title-prefix\">CAD$ 95<\/h3><p class=\"uagb-ifb-title\">Soins des pieds<\/p><\/div><\/div><\/div>\n<\/div>\n\n\n\n<div class=\"wp-block-uagb-container uagb-block-b8cdd5e5\">\n<div class=\"wp-block-uagb-info-box uagb-block-9685754b uagb-infobox__content-wrap  uagb-infobox-icon-above-title uagb-infobox-image-valign-top\"><div class=\"uagb-ifb-content\"><div class=\"uagb-ifb-title-wrap\"><h3 class=\"uagb-ifb-title-prefix\">CAD$ 95<\/h3><p class=\"uagb-ifb-title\">R\u00e9duction des callosit\u00e9s<\/p><\/div><\/div><\/div>\n<\/div>\n\n\n\n<div class=\"wp-block-uagb-container uagb-block-6a550d47\">\n<div class=\"wp-block-uagb-info-box uagb-block-5230bf8f uagb-infobox__content-wrap  uagb-infobox-icon-above-title uagb-infobox-image-valign-top\"><div class=\"uagb-ifb-content\"><div class=\"uagb-ifb-title-wrap\"><h3 class=\"uagb-ifb-title-prefix\">CAD$ 95<\/h3><p class=\"uagb-ifb-title\">R\u00e9duction des fissures<\/p><\/div><\/div><\/div>\n<\/div>\n<\/div>\n\n\n\n<div class=\"wp-block-uagb-container uagb-block-2f208f8d\">\n<div class=\"wp-block-uagb-container uagb-block-d2db1734\">\n<div class=\"wp-block-uagb-info-box uagb-block-791dd5a7 uagb-infobox__content-wrap  uagb-infobox-icon-above-title uagb-infobox-image-valign-top\"><div class=\"uagb-ifb-content\"><div class=\"uagb-ifb-title-wrap\"><h3 class=\"uagb-ifb-title-prefix\">CAD$ 95<\/h3><p class=\"uagb-ifb-title\">R\u00e9duction de l'hyper k\u00e9ratose<\/p><\/div><\/div><\/div>\n<\/div>\n\n\n\n<div class=\"wp-block-uagb-container uagb-block-0d378b17\">\n<div class=\"wp-block-uagb-info-box uagb-block-54b2ca66 uagb-infobox__content-wrap  uagb-infobox-icon-above-title uagb-infobox-image-valign-top\"><div class=\"uagb-ifb-content\"><div class=\"uagb-ifb-title-wrap\"><h3 class=\"uagb-ifb-title-prefix\">CAD$ 95<\/h3><p class=\"uagb-ifb-title\">R\u00e9duction des yeux de poisson<\/p><\/div><\/div><\/div>\n<\/div>\n\n\n\n<div class=\"wp-block-uagb-container uagb-block-7fb51cba\">\n<div class=\"wp-block-uagb-info-box uagb-block-b2220696 uagb-infobox__content-wrap  uagb-infobox-icon-above-title uagb-infobox-image-valign-top\"><div class=\"uagb-ifb-content\"><div class=\"uagb-ifb-title-wrap\"><h3 class=\"uagb-ifb-title-prefix\">CAD$ 95<\/h3><p class=\"uagb-ifb-title\">Pr\u00e9vention des ongles incarn\u00e9s<\/p><\/div><\/div><\/div>\n<\/div>\n\n\n\n<div class=\"wp-block-uagb-container uagb-block-774773b1\">\n<div class=\"wp-block-uagb-info-box uagb-block-79112c04 uagb-infobox__content-wrap  uagb-infobox-icon-above-title uagb-infobox-image-valign-top\"><div class=\"uagb-ifb-content\"><div class=\"uagb-ifb-title-wrap\"><h3 class=\"uagb-ifb-title-prefix\">CAD$ 95<\/h3><p class=\"uagb-ifb-title\">Soulagement des ongles d'apparence fongique<\/p><\/div><\/div><\/div>\n<\/div>\n<\/div>\n\n\n\n<div class=\"wp-block-uagb-container uagb-block-6fab19d3\">\n<div class=\"wp-block-uagb-container uagb-block-e8d80a53\">\n<div class=\"wp-block-uagb-info-box uagb-block-7aa22daf uagb-infobox__content-wrap  uagb-infobox-icon-above-title uagb-infobox-image-valign-top\"><div class=\"uagb-ifb-content\"><div class=\"uagb-ifb-title-wrap\"><h3 class=\"uagb-ifb-title-prefix\">CAD$ 95<\/h3><p class=\"uagb-ifb-title\">Pied d'athl\u00e8te<\/p><\/div><\/div><\/div>\n<\/div>\n\n\n\n<div class=\"wp-block-uagb-container uagb-block-e5f08916\">\n<div class=\"wp-block-uagb-info-box uagb-block-28ca034d uagb-infobox__content-wrap  uagb-infobox-icon-above-title uagb-infobox-image-valign-top\"><div class=\"uagb-ifb-content\"><div class=\"uagb-ifb-title-wrap\"><h3 class=\"uagb-ifb-title-prefix\">CAD$ 100<\/h3><p class=\"uagb-ifb-title\">Podologie avec gommage et bain de paraffine, vernis traditionnel<\/p><\/div><\/div><\/div>\n<\/div>\n\n\n\n<div class=\"wp-block-uagb-container uagb-block-7253b9d7\">\n<div class=\"wp-block-uagb-info-box uagb-block-0e00e871 uagb-infobox__content-wrap  uagb-infobox-icon-above-title uagb-infobox-image-valign-top\"><div class=\"uagb-ifb-content\"><div class=\"uagb-ifb-title-wrap\"><h3 class=\"uagb-ifb-title-prefix\">CAD$ 95<\/h3><p class=\"uagb-ifb-title\">Podologie de base plus vernis traditionnel<\/p><\/div><\/div><\/div>\n<\/div>\n\n\n\n<div class=\"wp-block-uagb-container uagb-block-0eee0a03\">\n<div class=\"wp-block-uagb-info-box uagb-block-81bdacb6 uagb-infobox__content-wrap  uagb-infobox-icon-above-title uagb-infobox-image-valign-top\"><div class=\"uagb-ifb-content\"><div class=\"uagb-ifb-title-wrap\"><h3 class=\"uagb-ifb-title-prefix\">CAD$ 100<\/h3><p class=\"uagb-ifb-title\">Podologie plus exfoliation vernis semi-permanent<\/p><\/div><\/div><\/div>\n<\/div>\n<\/div>\n\n\n\n<div class=\"wp-block-uagb-container uagb-block-d29e199a\">\n<div class=\"wp-block-uagb-container uagb-block-397377a0\">\n<div class=\"wp-block-uagb-info-box uagb-block-98780df1 uagb-infobox__content-wrap  uagb-infobox-icon-above-title uagb-infobox-image-valign-top\"><div class=\"uagb-ifb-content\"><div class=\"uagb-ifb-title-wrap\"><h3 class=\"uagb-ifb-title-prefix\">CAD$ 60<\/h3><p class=\"uagb-ifb-title\">Pedicura con esmaltado tradicional o semi-permanente<\/p><\/div><\/div><\/div>\n<\/div>\n\n\n\n<div class=\"wp-block-uagb-container uagb-block-63da1c97\">\n<div class=\"wp-block-uagb-info-box uagb-block-44f10636 uagb-infobox__content-wrap  uagb-infobox-icon-above-title uagb-infobox-image-valign-top\"><div class=\"uagb-ifb-content\"><div class=\"uagb-ifb-title-wrap\"><h3 class=\"uagb-ifb-title-prefix\">CAD$ 100<\/h3><p class=\"uagb-ifb-title\">Podologie \u00e0 domicile (moins de 10 km)<\/p><\/div><\/div><\/div>\n<\/div>\n<\/div>\n<\/div><\/div>\n\n\n\n<div class=\"wp-block-uagb-container uagb-block-lu5gc3ab alignfull uagb-is-root-container\"><div class=\"uagb-container-inner-blocks-wrap\">\n<div class=\"wp-block-uagb-info-box uagb-block-0ab0dna0 uagb-infobox__content-wrap  uagb-infobox-icon-above-title uagb-infobox-image-valign-top\"><div class=\"uagb-ifb-content\"><div class=\"uagb-ifb-title-wrap\"><p class=\"uagb-ifb-title-prefix\">Si vous \u00eates int\u00e9ress\u00e9 par l'un de nos services<\/p><h2 class=\"uagb-ifb-title\">N'h\u00e9sitez pas \u00e0 nous contacter<\/h2><\/div><p class=\"uagb-ifb-desc\">Nous serons heureux de r\u00e9pondre \u00e0 vos questions et de vous offrir la meilleure attention adapt\u00e9e \u00e0 vos besoins.<\/p><\/div><\/div>\n\n\n\n<div class=\"wp-block-uagb-buttons uagb-buttons__outer-wrap uagb-btn__default-btn uagb-btn-tablet__default-btn uagb-btn-mobile__default-btn uagb-block-sozoejho\"><div class=\"uagb-buttons__wrap uagb-buttons-layout-wrap\">\n<div class=\"wp-block-uagb-buttons-child uagb-buttons__outer-wrap uagb-block-uoskmaom wp-block-button\"><div class=\"uagb-button__wrapper\"><a class=\"uagb-buttons-repeater wp-block-button__link\" aria-label=\"\" href=\"https:\/\/podojenny.com\/fr\/contacto\/\" rel=\"follow noopener\" target=\"_blank\" role=\"button\"><div class=\"uagb-button__link\">Contactez-nous<\/div><\/a><\/div><\/div>\n<\/div><\/div>\n<\/div><\/div>\n\n\n\n<div class=\"wp-block-uagb-container uagb-block-0f0batnd alignfull uagb-is-root-container\"><div class=\"uagb-container-inner-blocks-wrap\">\n<div class=\"wp-block-uagb-info-box uagb-block-vohawaam uagb-infobox__content-wrap  uagb-infobox-icon-above-title uagb-infobox-image-valign-top\"><div class=\"uagb-ifb-content\"><div class=\"uagb-ifb-title-wrap\"><h2 class=\"uagb-ifb-title\">Liste de prix \u00e9pilation<\/h2><\/div><p class=\"uagb-ifb-desc\">Re\u00e7u d'assurance priv\u00e9e et de remboursement d'imp\u00f4t<br>Tous les prix incluent les taxes.<\/p><\/div><\/div>\n\n\n\n<div class=\"wp-block-uagb-container uagb-block-2wuifpcu\">\n<div class=\"wp-block-uagb-container uagb-block-zoogddvj\">\n<div class=\"wp-block-uagb-info-box uagb-block-pccvvmxo uagb-infobox__content-wrap  uagb-infobox-icon-above-title uagb-infobox-image-valign-top\"><div class=\"uagb-ifb-content\"><div class=\"uagb-ifb-title-wrap\"><h3 class=\"uagb-ifb-title-prefix\">CAD$ 15<\/h3><p class=\"uagb-ifb-title\">CIRE POUR AISSELLES<\/p><\/div><\/div><\/div>\n<\/div>\n\n\n\n<div class=\"wp-block-uagb-container uagb-block-n2r6wqka\">\n<div class=\"wp-block-uagb-info-box uagb-block-psmag70i uagb-infobox__content-wrap  uagb-infobox-icon-above-title uagb-infobox-image-valign-top\"><div class=\"uagb-ifb-content\"><div class=\"uagb-ifb-title-wrap\"><h3 class=\"uagb-ifb-title-prefix\">CAD$ 25<\/h3><p class=\"uagb-ifb-title\">Cire de bikini classique<\/p><\/div><\/div><\/div>\n<\/div>\n\n\n\n<div class=\"wp-block-uagb-container uagb-block-snfmcmm2\">\n<div class=\"wp-block-uagb-info-box uagb-block-jhetsuxu uagb-infobox__content-wrap  uagb-infobox-icon-above-title uagb-infobox-image-valign-top\"><div class=\"uagb-ifb-content\"><div class=\"uagb-ifb-title-wrap\"><h3 class=\"uagb-ifb-title-prefix\">CAD$ 30<\/h3><p class=\"uagb-ifb-title\">cire de bikini creus\u00e9e<\/p><\/div><\/div><\/div>\n<\/div>\n\n\n\n<div class=\"wp-block-uagb-container uagb-block-b5d3488c\">\n<div class=\"wp-block-uagb-info-box uagb-block-a3ed1387 uagb-infobox__content-wrap  uagb-infobox-icon-above-title uagb-infobox-image-valign-top\"><div class=\"uagb-ifb-content\"><div class=\"uagb-ifb-title-wrap\"><h3 class=\"uagb-ifb-title-prefix\">CAD$ 35<\/h3><p class=\"uagb-ifb-title\">CIRE DE BIKINI BR\u00c9SILIEN<\/p><\/div><\/div><\/div>\n<\/div>\n<\/div>\n\n\n\n<div class=\"wp-block-uagb-container uagb-block-8cde7f4f\">\n<div class=\"wp-block-uagb-container uagb-block-5f05c9bc\">\n<div class=\"wp-block-uagb-info-box uagb-block-8f5dbb69 uagb-infobox__content-wrap  uagb-infobox-icon-above-title uagb-infobox-image-valign-top\"><div class=\"uagb-ifb-content\"><div class=\"uagb-ifb-title-wrap\"><h3 class=\"uagb-ifb-title-prefix\">CAD$ 40<\/h3><p class=\"uagb-ifb-title\">\u00c9pilation compl\u00e8te du bikini<\/p><\/div><\/div><\/div>\n<\/div>\n\n\n\n<div class=\"wp-block-uagb-container uagb-block-6d7b47aa\">\n<div class=\"wp-block-uagb-info-box uagb-block-efda8aae uagb-infobox__content-wrap  uagb-infobox-icon-above-title uagb-infobox-image-valign-top\"><div class=\"uagb-ifb-content\"><div class=\"uagb-ifb-title-wrap\"><h3 class=\"uagb-ifb-title-prefix\">CAD$ 25<\/h3><p class=\"uagb-ifb-title\">Bras complet<\/p><\/div><\/div><\/div>\n<\/div>\n\n\n\n<div class=\"wp-block-uagb-container uagb-block-6a03d97a\">\n<div class=\"wp-block-uagb-info-box uagb-block-7f85a41e uagb-infobox__content-wrap  uagb-infobox-icon-above-title uagb-infobox-image-valign-top\"><div class=\"uagb-ifb-content\"><div class=\"uagb-ifb-title-wrap\"><h3 class=\"uagb-ifb-title-prefix\">CAD$ 18<\/h3><p class=\"uagb-ifb-title\">Demi-bras<\/p><\/div><\/div><\/div>\n<\/div>\n\n\n\n<div class=\"wp-block-uagb-container uagb-block-f00117bb\">\n<div class=\"wp-block-uagb-info-box uagb-block-92328799 uagb-infobox__content-wrap  uagb-infobox-icon-above-title uagb-infobox-image-valign-top\"><div class=\"uagb-ifb-content\"><div class=\"uagb-ifb-title-wrap\"><h3 class=\"uagb-ifb-title-prefix\">CAD$ 20<\/h3><p class=\"uagb-ifb-title\">Cuisses<\/p><\/div><\/div><\/div>\n<\/div>\n<\/div>\n\n\n\n<div class=\"wp-block-uagb-container uagb-block-3ca9c131\">\n<div class=\"wp-block-uagb-container uagb-block-0ff437db\">\n<div class=\"wp-block-uagb-info-box uagb-block-995d199e uagb-infobox__content-wrap  uagb-infobox-icon-above-title uagb-infobox-image-valign-top\"><div class=\"uagb-ifb-content\"><div class=\"uagb-ifb-title-wrap\"><h3 class=\"uagb-ifb-title-prefix\">CAD$ 20<\/h3><p class=\"uagb-ifb-title\">Demi-jambes<\/p><\/div><\/div><\/div>\n<\/div>\n\n\n\n<div class=\"wp-block-uagb-container uagb-block-df082e9d\">\n<div class=\"wp-block-uagb-info-box uagb-block-9b541791 uagb-infobox__content-wrap  uagb-infobox-icon-above-title uagb-infobox-image-valign-top\"><div class=\"uagb-ifb-content\"><div class=\"uagb-ifb-title-wrap\"><h3 class=\"uagb-ifb-title-prefix\">CAD$ 40<\/h3><p class=\"uagb-ifb-title\">Jambes pleines<\/p><\/div><\/div><\/div>\n<\/div>\n\n\n\n<div class=\"wp-block-uagb-container uagb-block-899957c1\">\n<div class=\"wp-block-uagb-info-box uagb-block-17eaba9c uagb-infobox__content-wrap  uagb-infobox-icon-above-title uagb-infobox-image-valign-top\"><div class=\"uagb-ifb-content\"><div class=\"uagb-ifb-title-wrap\"><h3 class=\"uagb-ifb-title-prefix\">CAD$ 25<\/h3><p class=\"uagb-ifb-title\">Fessiers<\/p><\/div><\/div><\/div>\n<\/div>\n\n\n\n<div class=\"wp-block-uagb-container uagb-block-b20a05dd\">\n<div class=\"wp-block-uagb-info-box uagb-block-86c6340c uagb-infobox__content-wrap  uagb-infobox-icon-above-title uagb-infobox-image-valign-top\"><div class=\"uagb-ifb-content\"><div class=\"uagb-ifb-title-wrap\"><h3 class=\"uagb-ifb-title-prefix\">CAD$ 15<\/h3><p class=\"uagb-ifb-title\">Interfessier<\/p><\/div><\/div><\/div>\n<\/div>\n<\/div>\n\n\n\n<div class=\"wp-block-uagb-container uagb-block-d8350b45\">\n<div class=\"wp-block-uagb-container uagb-block-b2d8db03\">\n<div class=\"wp-block-uagb-info-box uagb-block-9b2a12c4 uagb-infobox__content-wrap  uagb-infobox-icon-above-title uagb-infobox-image-valign-top\"><div class=\"uagb-ifb-content\"><div class=\"uagb-ifb-title-wrap\"><h3 class=\"uagb-ifb-title-prefix\">CAD$ 10<\/h3><p class=\"uagb-ifb-title\">ligne du nombril<\/p><\/div><\/div><\/div>\n<\/div>\n\n\n\n<div class=\"wp-block-uagb-container uagb-block-794658f0\">\n<div class=\"wp-block-uagb-info-box uagb-block-10dfd12f uagb-infobox__content-wrap  uagb-infobox-icon-above-title uagb-infobox-image-valign-top\"><div class=\"uagb-ifb-content\"><div class=\"uagb-ifb-title-wrap\"><h3 class=\"uagb-ifb-title-prefix\">CAD$ 10<\/h3><p class=\"uagb-ifb-title\">L\u00e8vre sup\u00e9rieure ou menton<\/p><\/div><\/div><\/div>\n<\/div>\n\n\n\n<div class=\"wp-block-uagb-container uagb-block-d4eb899d\">\n<div class=\"wp-block-uagb-info-box uagb-block-714ce166 uagb-infobox__content-wrap  uagb-infobox-icon-above-title uagb-infobox-image-valign-top\"><div class=\"uagb-ifb-content\"><div class=\"uagb-ifb-title-wrap\"><h3 class=\"uagb-ifb-title-prefix\">CAD$ 30<\/h3><p class=\"uagb-ifb-title\">plein visage<\/p><\/div><\/div><\/div>\n<\/div>\n\n\n\n<div class=\"wp-block-uagb-container uagb-block-80676d8a\">\n<div class=\"wp-block-uagb-info-box uagb-block-20046b4d uagb-infobox__content-wrap  uagb-infobox-icon-above-title uagb-infobox-image-valign-top\"><div class=\"uagb-ifb-content\"><div class=\"uagb-ifb-title-wrap\"><h3 class=\"uagb-ifb-title-prefix\">CAD$ 30 <\/h3><p class=\"uagb-ifb-title\">torse f\u00e9minin<\/p><\/div><\/div><\/div>\n<\/div>\n<\/div>\n\n\n\n<div class=\"wp-block-uagb-container uagb-block-20bfc718\">\n<div class=\"wp-block-uagb-container uagb-block-802d791e\">\n<div class=\"wp-block-uagb-info-box uagb-block-3bc8d987 uagb-infobox__content-wrap  uagb-infobox-icon-above-title uagb-infobox-image-valign-top\"><div class=\"uagb-ifb-content\"><div class=\"uagb-ifb-title-wrap\"><h3 class=\"uagb-ifb-title-prefix\">CAD$ 45<\/h3><p class=\"uagb-ifb-title\">Le dos de la femme<\/p><\/div><\/div><\/div>\n<\/div>\n\n\n\n<div class=\"wp-block-uagb-container uagb-block-44aea2f6\">\n<div class=\"wp-block-uagb-info-box uagb-block-bc9fca0d uagb-infobox__content-wrap  uagb-infobox-icon-above-title uagb-infobox-image-valign-top\"><div class=\"uagb-ifb-content\"><div class=\"uagb-ifb-title-wrap\"><h3 class=\"uagb-ifb-title-prefix\">CAD$ 60<\/h3><p class=\"uagb-ifb-title\">Torse ou dos de l'homme<\/p><\/div><\/div><\/div>\n<\/div>\n\n\n\n<div class=\"wp-block-uagb-container uagb-block-a594c2bd\">\n<div class=\"wp-block-uagb-info-box uagb-block-2d2c48c6 uagb-infobox__content-wrap  uagb-infobox-icon-above-title uagb-infobox-image-valign-top\"><div class=\"uagb-ifb-content\"><div class=\"uagb-ifb-title-wrap\"><h3 class=\"uagb-ifb-title-prefix\">CAD$ 10<\/h3><p class=\"uagb-ifb-title\">Doigts<\/p><\/div><\/div><\/div>\n<\/div>\n\n\n\n<div class=\"wp-block-uagb-container uagb-block-5d84aebe\">\n<div class=\"wp-block-uagb-info-box uagb-block-ca58045c uagb-infobox__content-wrap  uagb-infobox-icon-above-title uagb-infobox-image-valign-top\"><div class=\"uagb-ifb-content\"><div class=\"uagb-ifb-title-wrap\"><h3 class=\"uagb-ifb-title-prefix\">CAD$ 150<\/h3><p class=\"uagb-ifb-title\">corps entier<\/p><\/div><\/div><\/div>\n<\/div>\n<\/div>\n\n\n\n<div class=\"wp-block-uagb-container uagb-block-782d178d\">\n<div class=\"wp-block-uagb-container uagb-block-b8750b9a\">\n<div class=\"wp-block-uagb-info-box uagb-block-16a29160 uagb-infobox__content-wrap  uagb-infobox-icon-above-title uagb-infobox-image-valign-top\"><div class=\"uagb-ifb-content\"><div class=\"uagb-ifb-title-wrap\"><h3 class=\"uagb-ifb-title-prefix\">CAD$ 90<\/h3><p class=\"uagb-ifb-title\">Massage relaxant 55 minutes<\/p><\/div><\/div><\/div>\n<\/div>\n\n\n\n<div class=\"wp-block-uagb-container uagb-block-7d84b8c0\">\n<div class=\"wp-block-uagb-info-box uagb-block-1af941e9 uagb-infobox__content-wrap  uagb-infobox-icon-above-title uagb-infobox-image-valign-top\"><div class=\"uagb-ifb-content\"><div class=\"uagb-ifb-title-wrap\"><h3 class=\"uagb-ifb-title-prefix\">CAD$ 70<\/h3><p class=\"uagb-ifb-title\">Rehaussement de cils<\/p><\/div><\/div><\/div>\n<\/div>\n<\/div>\n<\/div><\/div>","protected":false},"excerpt":{"rendered":"","protected":false},"author":1,"featured_media":0,"parent":0,"menu_order":0,"comment_status":"closed","ping_status":"closed","template":"","meta":{"_uag_custom_page_level_css":"","_monsterinsights_skip_tracking":false,"_monsterinsights_sitenote_active":false,"_monsterinsights_sitenote_note":"","_monsterinsights_sitenote_category":0,"footnotes":""},"class_list":["post-495","page","type-page","status-publish","hentry"],"aioseo_notices":[],"uagb_featured_image_src":{"full":false,"thumbnail":false,"medium":false,"medium_large":false,"large":false,"1536x1536":false,"2048x2048":false,"trp-custom-language-flag":false},"uagb_author_info":{"display_name":"podojenny.com","author_link":"https:\/\/podojenny.com\/fr\/author\/podojenny-com\/"},"uagb_comment_info":0,"uagb_excerpt":null,"_links":{"self":[{"href":"https:\/\/podojenny.com\/fr\/wp-json\/wp\/v2\/pages\/495","targetHints":{"allow":["GET"]}}],"collection":[{"href":"https:\/\/podojenny.com\/fr\/wp-json\/wp\/v2\/pages"}],"about":[{"href":"https:\/\/podojenny.com\/fr\/wp-json\/wp\/v2\/types\/page"}],"author":[{"embeddable":true,"href":"https:\/\/podojenny.com\/fr\/wp-json\/wp\/v2\/users\/1"}],"replies":[{"embeddable":true,"href":"https:\/\/podojenny.com\/fr\/wp-json\/wp\/v2\/comments?post=495"}],"version-history":[{"count":15,"href":"https:\/\/podojenny.com\/fr\/wp-json\/wp\/v2\/pages\/495\/revisions"}],"predecessor-version":[{"id":717,"href":"https:\/\/podojenny.com\/fr\/wp-json\/wp\/v2\/pages\/495\/revisions\/717"}],"wp:attachment":[{"href":"https:\/\/podojenny.com\/fr\/wp-json\/wp\/v2\/media?parent=495"}],"curies":[{"name":"wp","href":"https:\/\/api.w.org\/{rel}","templated":true}]}}