{"id":565,"date":"2024-10-05T00:08:29","date_gmt":"2024-10-04T22:08:29","guid":{"rendered":"https:\/\/podojenny.com\/?page_id=565"},"modified":"2024-10-05T02:32:52","modified_gmt":"2024-10-05T00:32:52","slug":"patologias","status":"publish","type":"page","link":"https:\/\/podojenny.com\/fr\/patologias\/","title":{"rendered":"Afecciones del pie"},"content":{"rendered":"<div class=\"wp-block-uagb-container uagb-block-soguhhy3 alignfull uagb-is-root-container\"><div class=\"uagb-container-inner-blocks-wrap\">\n<div class=\"wp-block-uagb-info-box uagb-block-q7zgeafa uagb-infobox__content-wrap  uagb-infobox-icon-above-title uagb-infobox-image-valign-top\"><div class=\"uagb-ifb-content\"><div class=\"uagb-ifb-title-wrap\"><h2 class=\"uagb-ifb-title\">Afecciones Podol\u00f3gicas<\/h2><\/div><p class=\"uagb-ifb-desc\">En esta secci\u00f3n encontrar\u00e1s informaci\u00f3n detallada sobre las patolog\u00edas m\u00e1s comunes que afectan a los pies. Desde u\u00f1as encarnadas hasta fascitis plantar, te explicamos las causas, s\u00edntomas y tratamientos recomendados para cada condici\u00f3n. Conoce c\u00f3mo identificar y prevenir estas afecciones para mantener tus pies sanos y en \u00f3ptimas condiciones<\/p><\/div><\/div>\n\n\n\n\t\t\t<div class=\"wp-block-uagb-post-carousel uagb-post-grid  uagb-post__image-position-top uagb-post__image-enabled uagb-block-c5545675     uagb-post__arrow-outside uagb-post__items uagb-post__columns-3 is-carousel uagb-post__columns-tablet-2 uagb-post__columns-mobile-1\" data-total=\"1\" style=\"\">\n\n\t\t\t\t\t\t\t\t\t\t\t\t<article class=\"uagb-post__inner-wrap\">\t\t\t\t\t\t\t\t<h4 class=\"uagb-post__title uagb-post__text\">\n\t\t\t\t<a href=\"https:\/\/podojenny.com\/fr\/causas-del-ojo-de-gallo-en-elpie-y-el-heloma-plantar\/\" target=\"_self\" rel=\"bookmark noopener noreferrer\">CAUSAS DEL\u00a0 OJO DE GALLO EN ELPIE Y EL HELOMA PLANTAR<\/a>\n\t\t\t<\/h4>\n\t\t\t\t\t\t\t<div class='uagb-post__text uagb-post__excerpt'>\n\t\t\t\t\t<p>INCORRECTA FORMA DE PISAR Cada persona repartimos el peso de nuestro cuerpo y apoyamos de&#8230;\t\t\t\t<\/div>\n\t\t\t\t\t\t<div class=\"uagb-post__text uagb-post__cta wp-block-button\">\n\t\t\t\t<a class=\"wp-block-button__link uagb-text-link\" style=\"\" href=\"https:\/\/podojenny.com\/fr\/causas-del-ojo-de-gallo-en-elpie-y-el-heloma-plantar\/\" target=\"_self\" rel=\"bookmark noopener noreferrer\">Lire la suite<\/a>\n\t\t\t<\/div>\n\t\t\t\n\t\t\t\t\t\t\t\t\t<\/article>\n\t\t\t\t\t\t\t\t\t\t\t\t\t\t\t\t<article class=\"uagb-post__inner-wrap\">\t\t\t\t\t\t\t\t<h4 class=\"uagb-post__title uagb-post__text\">\n\t\t\t\t<a href=\"https:\/\/podojenny.com\/fr\/que-son-los-helomas\/\" target=\"_self\" rel=\"bookmark noopener noreferrer\">QU\u00c9 SON LOS HELOMAS?<\/a>\n\t\t\t<\/h4>\n\t\t\t\t\t\t\t<div class='uagb-post__text uagb-post__excerpt'>\n\t\t\t\t\t<p>QU\u00c9 SON LOS HELOMAS? Los helomas plantares son una\u00a0hiperqueratosis localizada, es decir, una lesi\u00f3n con&#8230;\t\t\t\t<\/div>\n\t\t\t\t\t\t<div class=\"uagb-post__text uagb-post__cta wp-block-button\">\n\t\t\t\t<a class=\"wp-block-button__link uagb-text-link\" style=\"\" href=\"https:\/\/podojenny.com\/fr\/que-son-los-helomas\/\" target=\"_self\" rel=\"bookmark noopener noreferrer\">Lire la suite<\/a>\n\t\t\t<\/div>\n\t\t\t\n\t\t\t\t\t\t\t\t\t<\/article>\n\t\t\t\t\t\t\t\t\t\t\t\t\t\t\t\t<article class=\"uagb-post__inner-wrap\">\t\t\t\t\t\t\t\t<h4 class=\"uagb-post__title uagb-post__text\">\n\t\t\t\t<a href=\"https:\/\/podojenny.com\/fr\/una-incrustada\/\" target=\"_self\" rel=\"bookmark noopener noreferrer\">U\u00d1A INCRUSTADA<\/a>\n\t\t\t<\/h4>\n\t\t\t\t\t\t\t<div class='uagb-post__text uagb-post__excerpt'>\n\t\t\t\t\t<p>\u00bfQu\u00e9 es la u\u00f1a encarnada? La U\u00f1a o u\u00f1as incrustadas es una\u00a0afecci\u00f3n frecuente en la&#8230;\t\t\t\t<\/div>\n\t\t\t\t\t\t<div class=\"uagb-post__text uagb-post__cta wp-block-button\">\n\t\t\t\t<a class=\"wp-block-button__link uagb-text-link\" style=\"\" href=\"https:\/\/podojenny.com\/fr\/una-incrustada\/\" target=\"_self\" rel=\"bookmark noopener noreferrer\">Lire la suite<\/a>\n\t\t\t<\/div>\n\t\t\t\n\t\t\t\t\t\t\t\t\t<\/article>\n\t\t\t\t\t\t\t\t\t\t\t<\/div>\n\t\t\t<\/div><\/div>\n\n\n\n<div class=\"wp-block-uagb-container uagb-block-z2ybbj7h alignfull uagb-is-root-container\"><div class=\"uagb-container-inner-blocks-wrap\">\n<div class=\"wp-block-uagb-info-box uagb-block-ojdbadlq uagb-infobox__content-wrap  uagb-infobox-icon-above-title uagb-infobox-image-valign-top\"><div class=\"uagb-ifb-content\"><div class=\"uagb-ifb-title-wrap\"><h2 class=\"uagb-ifb-title\">\u00bfPresentas alguna de estas afecciones al pie?<\/h2><\/div><\/div><\/div>\n\n\n\n<div class=\"wp-block-uagb-container uagb-block-jnf9gkgr\">\n<div class=\"wp-block-uagb-info-box uagb-block-vlqso9hz uagb-infobox__content-wrap  uagb-infobox-icon-above-title uagb-infobox-image-valign-top\"><div class=\"uagb-ifb-content\"><div class=\"uagb-ifb-title-wrap\"><\/div><p class=\"uagb-ifb-desc\">Si experimentas s\u00edntomas de alguna de las afecciones descritas, no dudes en contactarnos. Nuestro equipo de pod\u00f3logos est\u00e1 listo para brindarte el tratamiento adecuado y ayudarte a mejorar tu bienestar. \u00a1Cuida tus pies y act\u00faa a tiempo!<\/p><\/div><\/div>\n\n\n\n<div class=\"wp-block-uagb-buttons uagb-buttons__outer-wrap uagb-btn__default-btn uagb-btn-tablet__default-btn uagb-btn-mobile__default-btn uagb-block-y2oge5jh\"><div class=\"uagb-buttons__wrap uagb-buttons-layout-wrap\">\n<div class=\"wp-block-uagb-buttons-child uagb-buttons__outer-wrap uagb-block-vsarekgo wp-block-button\"><div class=\"uagb-button__wrapper\"><a class=\"uagb-buttons-repeater wp-block-button__link\" aria-label=\"\" href=\"https:\/\/podojenny.com\/fr\/contacto\/\" rel=\"follow noopener\" target=\"_self\" role=\"button\"><div class=\"uagb-button__link\">Contactez-nous<\/div><\/a><\/div><\/div>\n<\/div><\/div>\n<\/div>\n<\/div><\/div>","protected":false},"excerpt":{"rendered":"","protected":false},"author":1,"featured_media":0,"parent":0,"menu_order":0,"comment_status":"closed","ping_status":"closed","template":"","meta":{"_uag_custom_page_level_css":"","_monsterinsights_skip_tracking":false,"_monsterinsights_sitenote_active":false,"_monsterinsights_sitenote_note":"","_monsterinsights_sitenote_category":0,"footnotes":""},"class_list":["post-565","page","type-page","status-publish","hentry"],"aioseo_notices":[],"uagb_featured_image_src":{"full":false,"thumbnail":false,"medium":false,"medium_large":false,"large":false,"1536x1536":false,"2048x2048":false,"trp-custom-language-flag":false},"uagb_author_info":{"display_name":"podojenny.com","author_link":"https:\/\/podojenny.com\/fr\/author\/podojenny-com\/"},"uagb_comment_info":0,"uagb_excerpt":null,"_links":{"self":[{"href":"https:\/\/podojenny.com\/fr\/wp-json\/wp\/v2\/pages\/565","targetHints":{"allow":["GET"]}}],"collection":[{"href":"https:\/\/podojenny.com\/fr\/wp-json\/wp\/v2\/pages"}],"about":[{"href":"https:\/\/podojenny.com\/fr\/wp-json\/wp\/v2\/types\/page"}],"author":[{"embeddable":true,"href":"https:\/\/podojenny.com\/fr\/wp-json\/wp\/v2\/users\/1"}],"replies":[{"embeddable":true,"href":"https:\/\/podojenny.com\/fr\/wp-json\/wp\/v2\/comments?post=565"}],"version-history":[{"count":4,"href":"https:\/\/podojenny.com\/fr\/wp-json\/wp\/v2\/pages\/565\/revisions"}],"predecessor-version":[{"id":694,"href":"https:\/\/podojenny.com\/fr\/wp-json\/wp\/v2\/pages\/565\/revisions\/694"}],"wp:attachment":[{"href":"https:\/\/podojenny.com\/fr\/wp-json\/wp\/v2\/media?parent=565"}],"curies":[{"name":"wp","href":"https:\/\/api.w.org\/{rel}","templated":true}]}}