{"id":596,"date":"2024-08-23T06:15:41","date_gmt":"2024-08-23T04:15:41","guid":{"rendered":"https:\/\/podojenny.com\/?page_id=596"},"modified":"2024-10-04T03:54:54","modified_gmt":"2024-10-04T01:54:54","slug":"sobre-nosotros","status":"publish","type":"page","link":"https:\/\/podojenny.com\/fr\/sobre-nosotros\/","title":{"rendered":"\u00c0 propos de nous"},"content":{"rendered":"<div class=\"wp-block-uagb-container uagb-block-q4nizmts alignfull uagb-is-root-container\"><div class=\"uagb-container-inner-blocks-wrap\">\n<div class=\"wp-block-uagb-info-box uagb-block-vogedqiv uagb-infobox__content-wrap  uagb-infobox-icon-above-title uagb-infobox-image-valign-top\"><div class=\"uagb-ifb-content\"><div class=\"uagb-ifb-title-wrap\"><h2 class=\"uagb-ifb-title\">Podo Jenny<\/h2><\/div><\/div><\/div>\n\n\n\n<div class=\"wp-block-uagb-container uagb-block-8qiz6kct\">\n<div class=\"wp-block-uagb-info-box uagb-block-qjdokq3z uagb-infobox__content-wrap  uagb-infobox-icon-above-title uagb-infobox-image-valign-top\"><div class=\"uagb-ifb-content\"><div class=\"uagb-ifb-title-wrap\"><\/div><p class=\"uagb-ifb-desc\">Chez PodoJenny, nous sommes passionn\u00e9s par le soin int\u00e9gral de vos pieds. Quiter plus de 10 ans d'exp\u00e9rience dans la pr\u00e9vention et le soin des pieds, nous sommes hautement qualifi\u00e9s pour vous offrir les meilleurs soins podologiques, en combinant expertise, technologie avanc\u00e9e et approche personnalis\u00e9e.<\/p><\/div><\/div>\n\n\n\n<div class=\"wp-block-uagb-info-box uagb-block-mtr32xgr uagb-infobox__content-wrap  uagb-infobox-icon-above-title uagb-infobox-image-valign-top\"><div class=\"uagb-ifb-content\"><div class=\"uagb-ifb-title-wrap\"><\/div><p class=\"uagb-ifb-desc\">Notre mission est de garantir votre bien-\u00eatre et votre confort en fournissant des services efficaces pour une large gamme de besoins podologiques. Que vous cherchiez un soulagement pour des probl\u00e8mes sp\u00e9cifiques ou un soin pr\u00e9ventif, nous sommes l\u00e0 pour vous soutenir \u00e0 chaque \u00e9tape du chemin.<br><\/p><\/div><\/div>\n<\/div>\n\n\n\n<p class=\"has-black-color has-text-color has-link-color wp-elements-6b18887c148fa5be625857bee9d05c31\">Dans notre centre, nous valorisons la confiance que vous nous accordez et nous nous effor\u00e7ons de fournir un service exceptionnel dans un environnement accueillant et professionnel. D\u00e9couvrez notre \u00e9quipe, explorez nos sp\u00e9cialit\u00e9s et laissez-nous vous aider \u00e0 maintenir vos pieds en bonne sant\u00e9 et dans des conditions optimales.<\/p>\n<\/div><\/div>\n\n\n\n<div class=\"wp-block-uagb-container uagb-block-3iexulam alignfull uagb-is-root-container\"><div class=\"uagb-container-inner-blocks-wrap\">\n<div class=\"wp-block-uagb-container uagb-block-8zs4bxbj\">\n<div class=\"wp-block-uagb-info-box uagb-block-odravuoq uagb-infobox__content-wrap  uagb-infobox-icon-above-title uagb-infobox-image-valign-top\"><div class=\"uagb-ifb-content\"><div class=\"uagb-ifb-title-wrap\"><h2 class=\"uagb-ifb-title\">Qui sommes-nous ?<\/h2><\/div><\/div><\/div>\n\n\n\n<div class=\"wp-block-uagb-info-box uagb-block-udcvigmy uagb-infobox__content-wrap  uagb-infobox-icon-above-title uagb-infobox-image-valign-top\"><div class=\"uagb-ifb-content\"><div class=\"uagb-ifb-title-wrap\"><\/div><p class=\"uagb-ifb-desc\">D\u00e9couvrez qui nous sommes, nos parcours et comment nous sommes l\u00e0 pour vous prodiguer les meilleurs soins podologiques<\/p><\/div><\/div>\n<\/div>\n\n\n\n<div class=\"wp-block-uagb-container uagb-block-mlnavsnm\">\n<div class=\"wp-block-uagb-container uagb-block-gat0bftr\">\n<div class=\"wp-block-uagb-info-box uagb-block-uldw3xgf uagb-infobox__content-wrap  uagb-infobox-icon-above-title uagb-infobox-image-valign-top\"><div class=\"uagb-ifb-content\"><div class=\"uagb-ifb-title-wrap\"><p class=\"uagb-ifb-title-prefix\">2011-2024<\/p><h3 class=\"uagb-ifb-title\">Formation acad\u00e9mique<\/h3><\/div><p class=\"uagb-ifb-desc\"><strong>2011<\/strong>: Dipl\u00f4m\u00e9 de l'\u00c9cole de Podologue E.P.C., R\u00e9gion M\u00e9tropolitaine, Chili<br><strong>2011-2012<\/strong>: Podologue clinicien chez EVA SPA<br>Chef des Podologues chez EVA SPA<br>Cours d'\u00e9pilation \u00e0 EVA SPA.<br>Cours de rehaussement de cils \u00e0 EVA SPA<br>Cours de manucure et p\u00e9dicure \u00e0 EVA SPA<br>Cours de Massage Relaxation \u00e0 EVA SPA.<br>Cours varnis semi permanent \u00e0 EVA SPA<br><strong>2023<\/strong>: Validation de la Podologue au Qu\u00e9bec, Canada<br>Certifi\u00e9 par Les Podologues Affili\u00e9s du Qu\u00e9bec, Membre 23-201<br>Certifi\u00e9 par l'Association Des Naturoth\u00e9raputes Du Qu\u00e9bec, Membre NA-7453<br>Cours Sp\u00e9cialiste Onyfix, Certifi\u00e9 au Qu\u00e9bec, Canada<br><strong>2024<\/strong>: Cours de r\u00e9flexologie plantaire, Qu\u00e9bec, Canada<\/p><\/div><\/div>\n<\/div>\n\n\n\n<div class=\"wp-block-uagb-container uagb-block-909ab03a\">\n<div class=\"wp-block-uagb-info-box uagb-block-d367bc76 uagb-infobox__content-wrap  uagb-infobox-icon-above-title uagb-infobox-image-valign-top\"><div class=\"uagb-ifb-content\"><div class=\"uagb-ifb-title-wrap\"><p class=\"uagb-ifb-title-prefix\">Podologue<\/p><h3 class=\"uagb-ifb-title\">Jenny Yevenes<\/h3><\/div><\/div><\/div>\n\n\n\n<figure class=\"wp-block-image size-full is-resized\"><img loading=\"lazy\" decoding=\"async\" width=\"2142\" height=\"2228\" src=\"https:\/\/podojenny.com\/wp-content\/uploads\/2024\/10\/20240912_165952.jpg\" alt=\"\" class=\"wp-image-650\" style=\"width:339px;height:auto\" srcset=\"https:\/\/podojenny.com\/wp-content\/uploads\/2024\/10\/20240912_165952.jpg 2142w, https:\/\/podojenny.com\/wp-content\/uploads\/2024\/10\/20240912_165952-288x300.jpg 288w, https:\/\/podojenny.com\/wp-content\/uploads\/2024\/10\/20240912_165952-984x1024.jpg 984w, https:\/\/podojenny.com\/wp-content\/uploads\/2024\/10\/20240912_165952-768x799.jpg 768w, https:\/\/podojenny.com\/wp-content\/uploads\/2024\/10\/20240912_165952-1477x1536.jpg 1477w, https:\/\/podojenny.com\/wp-content\/uploads\/2024\/10\/20240912_165952-1969x2048.jpg 1969w, https:\/\/podojenny.com\/wp-content\/uploads\/2024\/10\/20240912_165952-12x12.jpg 12w\" sizes=\"auto, (max-width: 2142px) 100vw, 2142px\" \/><\/figure>\n<\/div>\n<\/div>\n<\/div><\/div>\n\n\n\n<div class=\"wp-block-uagb-container uagb-block-m1cnsjfb alignfull uagb-is-root-container\"><div class=\"uagb-container-inner-blocks-wrap\">\n<div class=\"wp-block-uagb-info-box uagb-block-eqefqzkc uagb-infobox__content-wrap  uagb-infobox-icon-above-title uagb-infobox-image-valign-top\"><div class=\"uagb-ifb-content\"><div class=\"uagb-ifb-title-wrap\"><h2 class=\"uagb-ifb-title\">Nos m\u00e9tiers<\/h2><\/div><p class=\"uagb-ifb-desc\">Nous vous montrons des exemples de nos services r\u00e9alis\u00e9s, d\u00e9montrant notre d\u00e9vouement et notre expertise dans le soin de vos pieds. Chaque cas refl\u00e8te notre engagement envers la qualit\u00e9 et la satisfaction du patient.<\/p><\/div><\/div>\n\n\n\n<div class=\"wp-block-uagb-container uagb-layout-grid uagb-block-2tsjrozi\">\n<div class=\"wp-block-uagb-image alignleft uagb-block-jkrl99r9 wp-block-uagb-image--layout-default wp-block-uagb-image--effect-static wp-block-uagb-image--align-left\"><figure class=\"wp-block-uagb-image__figure\"><img decoding=\"async\" srcset=\"https:\/\/podojenny.com\/wp-content\/uploads\/2024\/09\/IMG_20240809_001335_584-1024x1024.webp ,https:\/\/podojenny.com\/wp-content\/uploads\/2024\/09\/IMG_20240809_001335_584.webp 780w, https:\/\/podojenny.com\/wp-content\/uploads\/2024\/09\/IMG_20240809_001335_584.webp 360w\" sizes=\"auto, (max-width: 480px) 150px\" src=\"https:\/\/podojenny.com\/wp-content\/uploads\/2024\/09\/IMG_20240809_001335_584-1024x1024.webp\" alt=\"\" class=\"uag-image-630\" width=\"384\" height=\"384\" title=\"IMG_20240809_001335_584\" loading=\"lazy\" role=\"img\"\/><\/figure><\/div>\n\n\n\n<div class=\"wp-block-uagb-image alignleft uagb-block-h6xx9w8j wp-block-uagb-image--layout-default wp-block-uagb-image--effect-static wp-block-uagb-image--align-left\"><figure class=\"wp-block-uagb-image__figure\"><img decoding=\"async\" srcset=\"https:\/\/podojenny.com\/wp-content\/uploads\/2024\/09\/IMG-20230612-WA0041-768x1024.jpg ,https:\/\/podojenny.com\/wp-content\/uploads\/2024\/09\/IMG-20230612-WA0041.jpg 780w, https:\/\/podojenny.com\/wp-content\/uploads\/2024\/09\/IMG-20230612-WA0041.jpg 360w\" sizes=\"auto, (max-width: 480px) 150px\" src=\"https:\/\/podojenny.com\/wp-content\/uploads\/2024\/09\/IMG-20230612-WA0041-768x1024.jpg\" alt=\"\" class=\"uag-image-631\" width=\"384\" height=\"384\" title=\"IMG-20230612-WA0041\" loading=\"lazy\" role=\"img\"\/><\/figure><\/div>\n\n\n\n<div class=\"wp-block-uagb-image alignleft uagb-block-a6cgo5ii wp-block-uagb-image--layout-default wp-block-uagb-image--effect-static wp-block-uagb-image--align-left\"><figure class=\"wp-block-uagb-image__figure\"><img decoding=\"async\" srcset=\"https:\/\/podojenny.com\/wp-content\/uploads\/2024\/09\/IMG-20230702-WA0025-768x1024.jpg ,https:\/\/podojenny.com\/wp-content\/uploads\/2024\/09\/IMG-20230702-WA0025.jpg 780w, https:\/\/podojenny.com\/wp-content\/uploads\/2024\/09\/IMG-20230702-WA0025.jpg 360w\" sizes=\"auto, (max-width: 480px) 150px\" src=\"https:\/\/podojenny.com\/wp-content\/uploads\/2024\/09\/IMG-20230702-WA0025-768x1024.jpg\" alt=\"\" class=\"uag-image-632\" width=\"384\" height=\"384\" title=\"IMG-20230702-WA0025\" loading=\"lazy\" role=\"img\"\/><\/figure><\/div>\n\n\n\n<div class=\"wp-block-uagb-image alignleft uagb-block-4hweyqo8 wp-block-uagb-image--layout-default wp-block-uagb-image--effect-static wp-block-uagb-image--align-left\"><figure class=\"wp-block-uagb-image__figure\"><img decoding=\"async\" srcset=\"https:\/\/podojenny.com\/wp-content\/uploads\/2024\/09\/20240624_202859-576x1024.jpg ,https:\/\/podojenny.com\/wp-content\/uploads\/2024\/09\/20240624_202859-scaled.jpg 780w, https:\/\/podojenny.com\/wp-content\/uploads\/2024\/09\/20240624_202859-scaled.jpg 360w\" sizes=\"auto, (max-width: 480px) 150px\" src=\"https:\/\/podojenny.com\/wp-content\/uploads\/2024\/09\/20240624_202859-576x1024.jpg\" alt=\"\" class=\"uag-image-633\" width=\"384\" height=\"384\" title=\"20240624_202859\" loading=\"lazy\" role=\"img\"\/><\/figure><\/div>\n\n\n\n<div class=\"wp-block-uagb-image alignleft uagb-block-akquqeb6 wp-block-uagb-image--layout-default wp-block-uagb-image--effect-static wp-block-uagb-image--align-left\"><figure class=\"wp-block-uagb-image__figure\"><img decoding=\"async\" srcset=\"https:\/\/podojenny.com\/wp-content\/uploads\/2024\/10\/20240724_193837-1-576x1024.jpg ,https:\/\/podojenny.com\/wp-content\/uploads\/2024\/10\/20240724_193837-1-scaled.jpg 780w, https:\/\/podojenny.com\/wp-content\/uploads\/2024\/10\/20240724_193837-1-scaled.jpg 360w\" sizes=\"auto, (max-width: 480px) 150px\" src=\"https:\/\/podojenny.com\/wp-content\/uploads\/2024\/10\/20240724_193837-1-576x1024.jpg\" alt=\"\" class=\"uag-image-651\" width=\"384\" height=\"384\" title=\"20240724_193837-1\" loading=\"lazy\" role=\"img\"\/><\/figure><\/div>\n\n\n\n<div class=\"wp-block-uagb-image alignleft uagb-block-zm3fe541 wp-block-uagb-image--layout-default wp-block-uagb-image--effect-static wp-block-uagb-image--align-left\"><figure class=\"wp-block-uagb-image__figure\"><img decoding=\"async\" srcset=\"https:\/\/podojenny.com\/wp-content\/uploads\/2024\/10\/20240624_202914-576x1024.jpg ,https:\/\/podojenny.com\/wp-content\/uploads\/2024\/10\/20240624_202914-scaled.jpg 780w, https:\/\/podojenny.com\/wp-content\/uploads\/2024\/10\/20240624_202914-scaled.jpg 360w\" sizes=\"auto, (max-width: 480px) 150px\" src=\"https:\/\/podojenny.com\/wp-content\/uploads\/2024\/10\/20240624_202914-576x1024.jpg\" alt=\"\" class=\"uag-image-652\" width=\"384\" height=\"384\" title=\"20240624_202914\" loading=\"lazy\" role=\"img\"\/><\/figure><\/div>\n<\/div>\n<\/div><\/div>","protected":false},"excerpt":{"rendered":"<p>Dans notre centre, nous valorisons la confiance que vous nous accordez et nous nous effor\u00e7ons de fournir un service exceptionnel dans un environnement accueillant et professionnel. D\u00e9couvrez notre \u00e9quipe, explorez nos sp\u00e9cialit\u00e9s et laissez-nous vous aider \u00e0 maintenir vos pieds en bonne sant\u00e9 et dans des conditions optimales.<\/p>","protected":false},"author":1,"featured_media":0,"parent":0,"menu_order":0,"comment_status":"closed","ping_status":"closed","template":"","meta":{"_uag_custom_page_level_css":"","_monsterinsights_skip_tracking":false,"_monsterinsights_sitenote_active":false,"_monsterinsights_sitenote_note":"","_monsterinsights_sitenote_category":0,"footnotes":""},"class_list":["post-596","page","type-page","status-publish","hentry"],"aioseo_notices":[],"uagb_featured_image_src":{"full":false,"thumbnail":false,"medium":false,"medium_large":false,"large":false,"1536x1536":false,"2048x2048":false,"trp-custom-language-flag":false},"uagb_author_info":{"display_name":"podojenny.com","author_link":"https:\/\/podojenny.com\/fr\/author\/podojenny-com\/"},"uagb_comment_info":0,"uagb_excerpt":"En nuestro centro, valoramos la confianza que depositas en nosotros y nos esforzamos por brindar un servicio excepcional en un ambiente acogedor y profesional. Conoce a nuestro equipo, descubre nuestras especialidades y d\u00e9janos ayudarte a mantener tus pies saludables y en \u00f3ptimas condiciones.","_links":{"self":[{"href":"https:\/\/podojenny.com\/fr\/wp-json\/wp\/v2\/pages\/596","targetHints":{"allow":["GET"]}}],"collection":[{"href":"https:\/\/podojenny.com\/fr\/wp-json\/wp\/v2\/pages"}],"about":[{"href":"https:\/\/podojenny.com\/fr\/wp-json\/wp\/v2\/types\/page"}],"author":[{"embeddable":true,"href":"https:\/\/podojenny.com\/fr\/wp-json\/wp\/v2\/users\/1"}],"replies":[{"embeddable":true,"href":"https:\/\/podojenny.com\/fr\/wp-json\/wp\/v2\/comments?post=596"}],"version-history":[{"count":7,"href":"https:\/\/podojenny.com\/fr\/wp-json\/wp\/v2\/pages\/596\/revisions"}],"predecessor-version":[{"id":654,"href":"https:\/\/podojenny.com\/fr\/wp-json\/wp\/v2\/pages\/596\/revisions\/654"}],"wp:attachment":[{"href":"https:\/\/podojenny.com\/fr\/wp-json\/wp\/v2\/media?parent=596"}],"curies":[{"name":"wp","href":"https:\/\/api.w.org\/{rel}","templated":true}]}}